{"id":276,"date":"2023-01-24T12:18:14","date_gmt":"2023-01-24T12:18:14","guid":{"rendered":"https:\/\/jops.uniri.hr\/?page_id=276"},"modified":"2023-01-24T12:18:14","modified_gmt":"2023-01-24T12:18:14","slug":"organizirane-konferencije-workshop-radionice","status":"publish","type":"page","link":"https:\/\/jops.uniri.hr\/?page_id=276","title":{"rendered":"ORGANIZIRANE KONFERENCIJE (WORKSHOP RADIONICE)"},"content":{"rendered":"\n<p>I. <strong>Public Justification, Disease, Capabilities 14.2.2022.<\/strong><\/p>\n\n\n\n<p>14. velja\u010de 2022. odr\u017ean je online workshop &#8220;Public Justification, Disease, Capabilities&#8221;, a \u010diji je glavni predva\u010d bio Andrew Reid (Department of Politics and International Relations University of Reading, UK). Predava\u010d je svojim istra\u017eiva\u010dkim interesima vezanima uz suvremenu i normativnu politi\u010dku teoriju obogatio ciljeve projekta, s posebnim naglaskom na njegovog fokus primjene teorija politi\u010dkog liberalizma i javnog opravdanja te pitanjima o tome kako bismo trebali odgovoriti na zabrinutosti o mentalnom zdravlju, posebno na stanja poput depresije i tjeskobe, kada teoretiziramo o pravednosti.<\/p>\n\n\n\n<div class=\"wp-block-file\"><object class=\"wp-block-file__embed\" data=\"https:\/\/jops.uniri.hr\/wp-content\/uploads\/2023\/01\/Program-Workshop_Public_justification-2_2022-1.pdf\" type=\"application\/pdf\" style=\"width:100%;height:600px\" aria-label=\"Ugra\u0111eno Program-Workshop_Public_justification-2_2022-1.\"><\/object><a id=\"wp-block-file--media-cb81d016-ada3-4b0b-a327-bee74a0c496e\" href=\"https:\/\/jops.uniri.hr\/wp-content\/uploads\/2023\/01\/Program-Workshop_Public_justification-2_2022-1.pdf\">Program-Workshop_Public_justification-2_2022-1<\/a><a href=\"https:\/\/jops.uniri.hr\/wp-content\/uploads\/2023\/01\/Program-Workshop_Public_justification-2_2022-1.pdf\" class=\"wp-block-file__button wp-element-button\" download aria-describedby=\"wp-block-file--media-cb81d016-ada3-4b0b-a327-bee74a0c496e\">Preuzmi<\/a><\/div>\n\n\n\n<p><strong>II. Democratic Equality, 24-25.2.2022.<\/strong><\/p>\n\n\n\n<p>Od 24. do 25. velja\u010de 2022. odr\u017eao se workshop &#8220;Democratic Equality&#8221;, a \u010dija je glavna go\u0161\u0107a bila profesorica Federica Liveriero sa sveu\u010dili\u0161ta u Paviji, Italiji. Profesorica je svojim posjetom doprinijela istra\u017eiva\u010dkom timu poticanjem na raspravu o glavnim podru\u010djima njenih interesa, a to su normativne teorije opravdanja i javnog uma; legitimitet politi\u010dke vlasti i proceduralna pravednost; dru\u0161tvena epistemologija i metaetika. Tako\u0111er, workshop je oja\u010dao suradnju izme\u0111u doktorskog kolegija &#8220;FINO&#8221; u Paviji i doktorskog studija Odjela za filozofiju u Rijeci.<\/p>\n\n\n\n<div class=\"wp-block-file\"><object class=\"wp-block-file__embed\" data=\"https:\/\/jops.uniri.hr\/wp-content\/uploads\/2023\/01\/Workshop-Democratic_equality-2_2022-1.pdf\" type=\"application\/pdf\" style=\"width:100%;height:600px\" aria-label=\"Ugra\u0111eno Workshop-Democratic_equality-2_2022-1.\"><\/object><a id=\"wp-block-file--media-d6a61824-8cc3-45eb-8d24-cb5037d1e76a\" href=\"https:\/\/jops.uniri.hr\/wp-content\/uploads\/2023\/01\/Workshop-Democratic_equality-2_2022-1.pdf\">Workshop-Democratic_equality-2_2022-1<\/a><a href=\"https:\/\/jops.uniri.hr\/wp-content\/uploads\/2023\/01\/Workshop-Democratic_equality-2_2022-1.pdf\" class=\"wp-block-file__button wp-element-button\" download aria-describedby=\"wp-block-file--media-d6a61824-8cc3-45eb-8d24-cb5037d1e76a\">Preuzmi<\/a><\/div>\n\n\n\n<p><strong>III. Moral Equality 8.3.2022.<\/strong><\/p>\n\n\n\n<p>8. o\u017eujka 2022. odr\u017ean je workshop &#8220;Moral Equality&#8221; \u010diji je glavni gost i predava\u010d bila profesorica Corinna Mieth sa Sveu\u010dili\u0161ta u Bochmu (Ruhr-Universit\u00e4t Bochum). Workshop je obuhvatio brojne teme vezane uz projekt, a koje se ti\u010du ljudskih prava, sposobnosti i javnog opravdanja. Zahvaljuju\u0107i workshopu, go\u0161\u0107a je sudjelovala na redovitim aktivnostima sa suradnicima projekata te je imala prilike diskutirati o svojim tekstovima &#8220;Migration, Cohesion and Compromise&#8221; i \u201eKant, migration and the cosmopolitan right not to be treated with hostility\u201c.<\/p>\n\n\n\n<div class=\"wp-block-file\"><object class=\"wp-block-file__embed\" data=\"https:\/\/jops.uniri.hr\/wp-content\/uploads\/2023\/01\/Workshop-Moral_equality-3_2022-1.pdf\" type=\"application\/pdf\" style=\"width:100%;height:600px\" aria-label=\"Ugra\u0111eno Workshop-Moral_equality-3_2022-1.\"><\/object><a id=\"wp-block-file--media-5cabd606-d6f4-467b-a001-4b6dfd0a6717\" href=\"https:\/\/jops.uniri.hr\/wp-content\/uploads\/2023\/01\/Workshop-Moral_equality-3_2022-1.pdf\">Workshop-Moral_equality-3_2022-1<\/a><a href=\"https:\/\/jops.uniri.hr\/wp-content\/uploads\/2023\/01\/Workshop-Moral_equality-3_2022-1.pdf\" class=\"wp-block-file__button wp-element-button\" download aria-describedby=\"wp-block-file--media-5cabd606-d6f4-467b-a001-4b6dfd0a6717\">Preuzmi<\/a><\/div>\n\n\n\n<p><strong>IV. Rights at the Frontiers of Justice, 6-7.9.2022.<\/strong><\/p>\n\n\n\n<p>Od 6. rujna do 7. rujna 2022. organiziran je workshop, \u010dija je glavna predava\u010dica bila redovita profesorica Roberta Sala sa sveu\u010dili\u0161ta u Milanu (University San Raffaele, Milano). Workshop se dotaknuo u\u017eih tema projekta poput pitanja pravednosti, epistemi\u010dke nepravednosti i mentalnih poreme\u0107aja.<\/p>\n\n\n\n<div class=\"wp-block-file\"><object class=\"wp-block-file__embed\" data=\"https:\/\/jops.uniri.hr\/wp-content\/uploads\/2023\/01\/Workshop-Rights_at_the_frontiers-9_20222-1.pdf\" type=\"application\/pdf\" style=\"width:100%;height:600px\" aria-label=\"Ugra\u0111eno Workshop-Rights_at_the_frontiers-9_20222-1.\"><\/object><a id=\"wp-block-file--media-fbf24186-db72-40d4-ae20-fb205a021776\" href=\"https:\/\/jops.uniri.hr\/wp-content\/uploads\/2023\/01\/Workshop-Rights_at_the_frontiers-9_20222-1.pdf\">Workshop-Rights_at_the_frontiers-9_20222-1<\/a><a href=\"https:\/\/jops.uniri.hr\/wp-content\/uploads\/2023\/01\/Workshop-Rights_at_the_frontiers-9_20222-1.pdf\" class=\"wp-block-file__button wp-element-button\" download aria-describedby=\"wp-block-file--media-fbf24186-db72-40d4-ae20-fb205a021776\">Preuzmi<\/a><\/div>\n","protected":false},"excerpt":{"rendered":"<p>I. Public Justification, Disease, Capabilities 14.2.2022. 14. velja\u010de 2022. odr\u017ean je online workshop &#8220;Public Justification, Disease, Capabilities&#8221;, a \u010diji je glavni predva\u010d bio Andrew Reid (Department of Politics and International Relations University of Reading, UK). Predava\u010d je svojim istra\u017eiva\u010dkim interesima &hellip; <a href=\"https:\/\/jops.uniri.hr\/?page_id=276\">Nastavi \u010ditati <span class=\"meta-nav\">&rarr;<\/span><\/a><\/p>\n","protected":false},"author":1,"featured_media":0,"parent":0,"menu_order":0,"comment_status":"closed","ping_status":"closed","template":"","meta":[],"_links":{"self":[{"href":"https:\/\/jops.uniri.hr\/index.php?rest_route=\/wp\/v2\/pages\/276"}],"collection":[{"href":"https:\/\/jops.uniri.hr\/index.php?rest_route=\/wp\/v2\/pages"}],"about":[{"href":"https:\/\/jops.uniri.hr\/index.php?rest_route=\/wp\/v2\/types\/page"}],"author":[{"embeddable":true,"href":"https:\/\/jops.uniri.hr\/index.php?rest_route=\/wp\/v2\/users\/1"}],"replies":[{"embeddable":true,"href":"https:\/\/jops.uniri.hr\/index.php?rest_route=%2Fwp%2Fv2%2Fcomments&post=276"}],"version-history":[{"count":1,"href":"https:\/\/jops.uniri.hr\/index.php?rest_route=\/wp\/v2\/pages\/276\/revisions"}],"predecessor-version":[{"id":284,"href":"https:\/\/jops.uniri.hr\/index.php?rest_route=\/wp\/v2\/pages\/276\/revisions\/284"}],"wp:attachment":[{"href":"https:\/\/jops.uniri.hr\/index.php?rest_route=%2Fwp%2Fv2%2Fmedia&parent=276"}],"curies":[{"name":"wp","href":"https:\/\/api.w.org\/{rel}","templated":true}]}}