{"id":44,"date":"2021-09-06T07:41:29","date_gmt":"2021-09-06T07:41:29","guid":{"rendered":"https:\/\/jops.uniri.hr\/?page_id=44"},"modified":"2024-05-14T14:55:31","modified_gmt":"2024-05-14T14:55:31","slug":"suradnici-na-projektu","status":"publish","type":"page","link":"https:\/\/jops.uniri.hr\/?page_id=44","title":{"rendered":"SURADNICI NA PROJEKTU"},"content":{"rendered":"\n<p>Istra\u017eiva\u010dku grupu \u010dine: <\/p>\n\n\n\n<p>red.prof.dr.sc. <strong>Elvio Baccarini &#8211; <\/strong>voditelj projekta. Pored ove uloge, baviti \u0107e se razradom i primjenom metode javnog uma. <\/p>\n\n\n\n<p>doc.dr.sc. <strong>Ivan Cerovac <\/strong>&#8211; suradnik. Njegovo istra\u017eivanje \u0107e se baviti analizom evaluativnih standarda te utjecajem tih standarda na kvalitetu \u017eivota, temeljena prava i status jednakosti  osoba, iz perspektive epistemi\u010dke pravednosti. <\/p>\n\n\n\n<p>&nbsp;doc. dr.sc. <strong>Ana Gavran Milo\u0161 <\/strong>&#8211; suradnica. Njena uloga u projektu odnosit \u0107e se na istra\u017eivanje aristotelijanskih i perfekcionisti\u010dkih (eudaimonisti\u010dkih) korijena pristupa temeljenog na sposobnosti Marthe Nussbaum, te ispitivanja statusa takvog pristupa kao teorije dobrobiti koju je mogu\u0107e opravdati javnim razlozima i koristiti kao preporuku za promi\u0161ljanje o javnim politikama o dobrom \u017eivotu u pluralnoj zajednici. <\/p>\n\n\n\n<p>dr.sc. <strong>Shane Glackin &#8211;<\/strong> suradnik.<strong> <\/strong>Njegova uloga na projektu odnosi se na istra\u017eivanje mogu\u0107nosti primjene metode javnoga opravdanja na odre\u0111enje javnih evaluativnih standarda koji definiraju stanja u psihijatriji te eventualnu opravdanost medicinskog tretmana. Sredi\u0161nji dio istra\u017eivanja rada je analiza uvjeta odre\u0111enja bolesti \/ poreme\u0107aja uzimaju\u0107i u obzir vrijednosni pluralizam osoba i varijacije konteksta.<\/p>\n\n\n\n<p>izv. prof. dr.sc. <strong>Luca Malatesti<\/strong> &#8211; suradnik. Njegova glavna uloga na projektu bit \u0107e analizirati opravdanja evaluativnih standarda u psihijatriji koji su relevantni za prevo\u0111enje i preno\u0161enje znanstvenih spoznaja o antisocijalnom poreme\u0107aju osobnosti i psihopatiji kako bi se donijele pravedne dru\u0161tvene preporuke. <\/p>\n\n\n\n<p><strong>Iva Martini\u0107<\/strong> &#8211; doktorandica. Njena uloga na projektu odnosi se na istra\u017eivanje isklju\u010denih kriterija sposobnosti (<em>capability<\/em>) unutar teorije javnog opravdanja i mogu\u0107nosti primjene metode javnoga opravdanja na odre\u0111enje javnih evaluativnih standarda koji definiraju te kriterije, s naglaskom na pitanja mentalnog zdravlja i ne-ljudske \u017eivotinje.<\/p>\n\n\n\n<p>prof.dr.sc. <strong>Katrien Shaubroeck<\/strong> &#8211; suradnica. Njegovo istra\u017eivanje \u0107e se baviti analizom evaluativnih standarda te utjecajem tih standarda na kvalitetu \u017eivota, temeljena prava i status jednakosti  osoba uzimaju\u0107i u obzir vrijednosni pluralizam osoba i varijacije konteksta.<\/p>\n\n\n\n<p>doc.dr.sc. <strong>Neboj\u0161a Zeli\u010d <\/strong>&#8211; suradnik. Njegova uloga na projektu fokusirat \u0107e se na mogu\u0107nost javnog opravdanja odre\u0111enih sposobnosti koje su relevantne za politi\u010dko djelovanje, ali i za mogu\u0107e odre\u0111enje dobrobiti prikladno uvjetima razlo\u017enog i kognitivnog pluralizma. <\/p>\n\n\n\n<p><\/p>\n","protected":false},"excerpt":{"rendered":"<p>Istra\u017eiva\u010dku grupu \u010dine: red.prof.dr.sc. Elvio Baccarini &#8211; voditelj projekta. Pored ove uloge, baviti \u0107e se razradom i primjenom metode javnog uma. doc.dr.sc. Ivan Cerovac &#8211; suradnik. Njegovo istra\u017eivanje \u0107e se baviti analizom evaluativnih standarda te utjecajem tih standarda na kvalitetu &hellip; <a href=\"https:\/\/jops.uniri.hr\/?page_id=44\">Nastavi \u010ditati <span class=\"meta-nav\">&rarr;<\/span><\/a><\/p>\n","protected":false},"author":2,"featured_media":0,"parent":0,"menu_order":0,"comment_status":"closed","ping_status":"closed","template":"","meta":[],"_links":{"self":[{"href":"https:\/\/jops.uniri.hr\/index.php?rest_route=\/wp\/v2\/pages\/44"}],"collection":[{"href":"https:\/\/jops.uniri.hr\/index.php?rest_route=\/wp\/v2\/pages"}],"about":[{"href":"https:\/\/jops.uniri.hr\/index.php?rest_route=\/wp\/v2\/types\/page"}],"author":[{"embeddable":true,"href":"https:\/\/jops.uniri.hr\/index.php?rest_route=\/wp\/v2\/users\/2"}],"replies":[{"embeddable":true,"href":"https:\/\/jops.uniri.hr\/index.php?rest_route=%2Fwp%2Fv2%2Fcomments&post=44"}],"version-history":[{"count":5,"href":"https:\/\/jops.uniri.hr\/index.php?rest_route=\/wp\/v2\/pages\/44\/revisions"}],"predecessor-version":[{"id":407,"href":"https:\/\/jops.uniri.hr\/index.php?rest_route=\/wp\/v2\/pages\/44\/revisions\/407"}],"wp:attachment":[{"href":"https:\/\/jops.uniri.hr\/index.php?rest_route=%2Fwp%2Fv2%2Fmedia&parent=44"}],"curies":[{"name":"wp","href":"https:\/\/api.w.org\/{rel}","templated":true}]}}